{"id":28999,"date":"2024-07-16T18:44:54","date_gmt":"2024-07-16T16:44:54","guid":{"rendered":"https:\/\/www.bunker-swiss.ch\/?page_id=28999"},"modified":"2024-11-21T09:36:04","modified_gmt":"2024-11-21T08:36:04","slug":"condizioni-generali-di-utilizzo","status":"publish","type":"page","link":"https:\/\/www.bunker-swiss.ch\/it\/conditions-generales-utilisation\/","title":{"rendered":"Termini di servizio"},"content":{"rendered":"<div data-elementor-type=\"wp-page\" data-elementor-id=\"28999\" class=\"elementor elementor-28999\" data-elementor-post-type=\"page\">\n\t\t\t\t\t\t<section class=\"elementor-section elementor-top-section elementor-element elementor-element-5960045d elementor-section-height-min-height elementor-section-boxed elementor-section-height-default elementor-section-items-middle\" data-id=\"5960045d\" data-element_type=\"section\" data-e-type=\"section\" data-settings=\"{&quot;background_background&quot;:&quot;classic&quot;}\">\n\t\t\t\t\t\t\t<div class=\"elementor-background-overlay\"><\/div>\n\t\t\t\t\t\t\t<div class=\"elementor-container elementor-column-gap-default\">\n\t\t\t\t\t<div class=\"elementor-column elementor-col-100 elementor-top-column elementor-element elementor-element-33a454b4\" data-id=\"33a454b4\" data-element_type=\"column\" data-e-type=\"column\">\n\t\t\t<div class=\"elementor-widget-wrap\">\n\t\t\t\t\t\t\t<\/div>\n\t\t<\/div>\n\t\t\t\t\t<\/div>\n\t\t<\/section>\n\t\t\t\t<section class=\"elementor-section elementor-top-section elementor-element elementor-element-54d86173 elementor-section-boxed elementor-section-height-default elementor-section-height-default\" data-id=\"54d86173\" data-element_type=\"section\" data-e-type=\"section\">\n\t\t\t\t\t\t<div class=\"elementor-container elementor-column-gap-default\">\n\t\t\t\t\t<div class=\"elementor-column elementor-col-100 elementor-top-column elementor-element elementor-element-391c0e9c\" data-id=\"391c0e9c\" data-element_type=\"column\" data-e-type=\"column\">\n\t\t\t<div class=\"elementor-widget-wrap elementor-element-populated\">\n\t\t\t\t\t\t<div class=\"elementor-element elementor-element-1a73ffb3 elementor-widget elementor-widget-heading\" data-id=\"1a73ffb3\" data-element_type=\"widget\" data-e-type=\"widget\" data-settings=\"{&quot;_animation&quot;:&quot;none&quot;}\" data-widget_type=\"heading.default\">\n\t\t\t\t<div class=\"elementor-widget-container\">\n\t\t\t\t\t<h1 class=\"elementor-heading-title elementor-size-default\">Condizioni generali d&#039;uso<\/h1>\t\t\t\t<\/div>\n\t\t\t\t<\/div>\n\t\t\t\t<div class=\"elementor-element elementor-element-39f14ae9 elementor-widget elementor-widget-text-editor\" data-id=\"39f14ae9\" data-element_type=\"widget\" data-e-type=\"widget\" data-widget_type=\"text-editor.default\">\n\t\t\t\t<div class=\"elementor-widget-container\">\n\t\t\t\t\t\t\t\t\t<p>Ultimo aggiornamento il 12.12.2023<\/p>\t\t\t\t\t\t\t\t<\/div>\n\t\t\t\t<\/div>\n\t\t\t\t\t<\/div>\n\t\t<\/div>\n\t\t\t\t\t<\/div>\n\t\t<\/section>\n\t\t\t\t<section class=\"elementor-section elementor-top-section elementor-element elementor-element-b926c19 elementor-section-boxed elementor-section-height-default elementor-section-height-default\" data-id=\"b926c19\" data-element_type=\"section\" data-e-type=\"section\">\n\t\t\t\t\t\t<div class=\"elementor-container elementor-column-gap-default\">\n\t\t\t\t\t<div class=\"elementor-column elementor-col-100 elementor-top-column elementor-element elementor-element-61e3f584\" data-id=\"61e3f584\" data-element_type=\"column\" data-e-type=\"column\">\n\t\t\t<div class=\"elementor-widget-wrap elementor-element-populated\">\n\t\t\t\t\t\t<div class=\"elementor-element elementor-element-587f113b elementor-widget elementor-widget-text-editor\" data-id=\"587f113b\" data-element_type=\"widget\" data-e-type=\"widget\" data-widget_type=\"text-editor.default\">\n\t\t\t\t<div class=\"elementor-widget-container\">\n\t\t\t\t\t\t\t\t\t<h3><strong>Importanti informazioni legali<\/strong><\/h3><p>Le presenti condizioni generali forniscono informazioni e collegamenti legali relativi all\u2019utilizzo del sito web \u201c <a href=\"https:\/\/www.bunker-swiss.ch\/it\/\">www.bunker-swiss.ch<\/a>\u00a0\u00bb (di seguito denominato \u201cBunker Swiss\u201d) e i suoi utenti. Accedendo al sito web Bunker Swiss, dichiari di aver letto e compreso le seguenti informazioni legali relative all&#039;utilizzo del sito web e di accettare le condizioni di utilizzo. Se non sei d&#039;accordo con questi termini e condizioni d&#039;uso, ti preghiamo di astenerti dal cercare di accedere ad altre pagine del sito Bunker Swiss.<\/p><h3><strong>Propriet\u00e0 del sito web<\/strong><\/h3><p>Il sito web \u00e8 di propriet\u00e0 esclusiva della societ\u00e0 Bunker Swiss S\u00e0rl (di seguito \u201cBunker Swiss\u201d). La gestione dei contenuti e la manutenzione del sito \u00e8 effettuata da Bunker Swiss. Tutte le informazioni di contatto sono disponibili su: <a href=\"https:\/\/www.bunker-swiss.ch\/it\/contattare-bunker-swiss\/\">https:\/\/www.bunker-swiss.ch\/contactez-bunker-swiss\/<\/a>.<\/p><h3><strong>Propriet\u00e0 intellettuale<\/strong><\/h3><p>Bunker Swiss detiene pienamente tutti i diritti associati alla creazione e distribuzione (copyright) su tutte le informazioni e i contenuti disponibili su questo sito. Ci\u00f2 include, ma non \u00e8 limitato a, design, contenuto, pubblicazioni e applicazioni software del sito.<\/p><p>L&#039;accesso, il download o la copia dei dati dal sito non conferisce alcun diritto sugli elementi presenti sul sito Bunker Swiss. L&#039;utilizzo del sito web Bunker Swiss \u00e8 soggetto alle seguenti condizioni:<\/p><ul><li>Bunker Swiss fornisce informazioni sul sito relative ai servizi offerti. Per qualsiasi uso commerciale di queste informazioni \u00e8 necessario il previo consenso di Bunker Swiss. Lo sfruttamento commerciale comprende in particolare la fornitura di servizi sulla base dei dati pubblicati sul sito web Bunker Swiss. Le richieste di autorizzazione per tale utilizzo potranno essere rivolte a: <a href=\"mailto:info@bunker-swiss.com\">info@bunker-swiss.com<\/a>.<\/li><li>I visitatori del sito web Bunker Swiss accettano di utilizzare le informazioni e il contenuto del sito solo a scopo informativo o per ottenere uno dei servizi forniti da Bunker Swiss. \u00c8 loro vietato copiare, pubblicare o riprodurre le informazioni disponibili, sia online che in qualsiasi altra forma.<\/li><li>Sono consentiti collegamenti ipertestuali ai servizi offerti sul sito web Bunker Swiss, a condizione che il sito web Bunker Swiss sia chiaramente identificato come fonte di tali servizi. Se viene stabilito un collegamento ai servizi del sito web Bunker Swiss, si prega di informare Bunker Swiss per anticipare possibili modifiche al sito (<a href=\"mailto:info@bunker-swiss.com\">info@bunker-swiss.com<\/a>). Bunker Swiss si riserva il diritto di intraprendere azioni legali in caso di violazione dei propri diritti d&#039;autore.<\/li><\/ul><h3><strong>Immagini e rappresentazioni 3D<\/strong><\/h3><p>Le immagini e le rappresentazioni 3D sul sito web Bunker Swiss sono fornite solo a scopo informativo. Hanno lo scopo di dare un&#039;idea generale dei prodotti e dei servizi offerti da Bunker Swiss. Queste immagini e rappresentazioni non sono contrattuali e non possono impegnare la responsabilit\u00e0 di Bunker Swiss. Le descrizioni precise e le caratteristiche dei prodotti e dei servizi sono consultabili nei documenti contrattuali forniti da Bunker Swiss.<\/p><h3><strong>Protezione dati<\/strong><\/h3><p>Grazie per aver consultato la seguente pagina: <a href=\"https:\/\/www.bunker-swiss.ch\/it\/protezione-dei-dati\/\">https:\/\/www.bunker-swiss.ch\/protection-des-donnees\/<\/a><\/p><h3><strong>Nessuna offerta relativa ai servizi offerti<\/strong><\/h3><p>Le informazioni pubblicate sul sito Bunker Swiss e relative ai servizi offerti non costituiscono offerte ferme o definitive. Solo i documenti contrattuali forniti da Bunker Swiss possono essere considerati come offerte definitive o finali.<\/p><h3><strong>Disclaimer<\/strong><\/h3><p>Bunker Swiss si impegna a fornire informazioni accurate e regolarmente aggiornate sul sito web Bunker Swiss. Tuttavia, offre queste informazioni senza garanzia circa la loro accuratezza, tempestivit\u00e0, completezza o affidabilit\u00e0. Inoltre non garantisce la disponibilit\u00e0 continua del sito web, n\u00e9 l&#039;assenza di virus o difetti. Di conseguenza, Bunker Swiss declina ogni responsabilit\u00e0 per danni o perdite, diretti o indiretti, derivanti dall&#039;accesso al sito web Bunker Swiss, dall&#039;uso delle informazioni in esso contenute o dall&#039;impossibilit\u00e0 di utilizzare tali informazioni. Non \u00e8 responsabile di problemi tecnici, errori di trasmissione, sovraccarichi, interruzioni (anche per manutenzione), ritardi nella diffusione delle informazioni, incompatibilit\u00e0 tra il sito Bunker Swiss e l&#039;hardware o software dell&#039;utente, o atti dannosi come virus, intrusioni o hacking. Si declina inoltre qualsiasi responsabilit\u00e0 per azioni volte all&#039;interruzione dei servizi di telecomunicazione, come l&#039;invio di e-mail di massa o attacchi di tipo Denial of Service. Nei limiti previsti dalla legge, Bunker Swiss, compresi i suoi amministratori, dirigenti, dipendenti e collaboratori, declina qualsiasi responsabilit\u00e0 derivante dall&#039;accesso o dall&#039;utilizzo del sito web Bunker Swiss.<\/p><h3><strong>Mezzi di comunicazione<\/strong><\/h3><p>Al fine di mantenere una comunicazione trasparente ed efficace con gli utenti del sito web Bunker Swiss, utilizziamo i seguenti diversi canali di comunicazione:<\/p><ul><li><strong>E-mail:<\/strong> Questo canale \u00e8 preferito per le comunicazioni dirette e formali.<\/li><li><strong>Notiziario:<\/strong> Regolarmente, gli utenti che desiderano iscriversi ricevono la nostra newsletter contenente notizie rilevanti e le nostre offerte esclusive.<\/li><li><strong>Telefono :<\/strong> Utilizziamo il telefono principalmente per il servizio clienti e per alcune importanti conferme.<\/li><li><strong>Servizio di messaggistica (SMS):<\/strong> Che si tratti di comunicazioni in Svizzera o all&#039;estero, gli SMS sono per noi un modo rapido e diretto per comunicare con voi.<\/li><li><strong>Whatsapp:<\/strong> Questo servizio ci permette di comunicare con te istantaneamente, proponendoti offerte e novit\u00e0, rispondendo al tempo stesso alle tue richieste.<\/li><\/ul><p>Durante la tua interazione con il sito Bunker Swiss, in particolare durante l&#039;invio di moduli, ti chiediamo di selezionare una casella specifica per prestare il tuo consenso ad essere contattato da questi diversi canali di comunicazione. Se in qualsiasi momento desideri modificare le tue preferenze di comunicazione o revocare un abbonamento puoi procedere come segue:<\/p><ul><li><strong>E-mail:<\/strong> Chiedi semplicemente alla persona di contatto tramite e-mail di risposta di non contattarti pi\u00f9 e\/o di modificare il metodo di contatto.<\/li><li><strong>Notiziario:<\/strong> Fai clic sul collegamento diretto per annullare l&#039;iscrizione nella parte inferiore di ciascuna email.<\/li><li><strong>Telefono :<\/strong> Comunica verbalmente all&#039;operatore durante una chiamata che non desideri pi\u00f9 essere contattato e\/o di modificare la modalit\u00e0 di contatto.<\/li><li><strong>Servizio di messaggistica (SMS):<\/strong> Basta inviare il messaggio &quot;STOP&quot; per non ricevere pi\u00f9 messaggi da parte nostra.<\/li><li><strong>Whatsapp:<\/strong> Basta inviare il messaggio \u201cSTOP\u201d per non ricevere pi\u00f9 i nostri messaggi WhatsApp.<\/li><\/ul><p>In ogni caso potrai anche modificare le tue preferenze di comunicazione o revocare un&#039;iscrizione tramite email all&#039;indirizzo: <a href=\"mailto:info@bunker-swiss.com\">info@bunker-swiss.com<\/a><\/p><h3><strong>Collegamenti ipertestuali<\/strong><\/h3><p>Bunker Swiss non ha verificato i siti web di terzi a cui il sito web Bunker Swiss pu\u00f2 fare riferimento tramite un collegamento ipertestuale e pertanto non si assume alcuna responsabilit\u00e0 per il loro contenuto. L&#039;avvio di connessioni a siti Web di terzi \u00e8 a proprio rischio.<\/p><h3><strong>Dichiarazione di non responsabilit\u00e0 per la traduzione<\/strong><\/h3><p>Questo sito web utilizza i servizi di traduzione di TranslatePress e Google Translate. Sebbene abbiamo fatto del nostro meglio per garantire traduzioni accurate, questi strumenti non garantiscono la perfezione assoluta. Le traduzioni vengono fornite cos\u00ec come sono, senza garanzia di accuratezza o affidabilit\u00e0. La versione francese del sito web Bunker Swiss \u00e8 il riferimento ufficiale. Inesattezze o differenze nelle versioni tradotte non sono vincolanti e non hanno alcun significato legale. Per informazioni precise si rimanda alla versione francese. Alcune parti del sito, come immagini o video, potrebbero non essere tradotte accuratamente a causa delle limitazioni di questi strumenti. Bunker Swiss declina ogni responsabilit\u00e0 per eventuali problemi o inesattezze legate alla traduzione.<\/p><h3><strong>La modifica delle presenti Condizioni Generali d&#039;Uso \u00e8 possibile in qualsiasi momento<\/strong><\/h3><p>Bunker Swiss si riserva il diritto di modificare le presenti condizioni d&#039;uso in qualsiasi momento. La seconda riga delle presenti condizioni generali d&#039;uso indica la data dell&#039;ultimo aggiornamento.<\/p><h3><strong>Foro giuridico, legge applicabile, nullit\u00e0 parziale e lingua<\/strong><\/h3><p>Il foro competente a decidere su qualsiasi controversia derivante o connessa alle presenti condizioni generali d&#039;uso \u00e8 quello del domicilio della sede della societ\u00e0. Bunker Swiss si riserva tuttavia il diritto di sottoporre la controversia davanti a qualsiasi altra giurisdizione dalla quale normalmente dipenderesti.<\/p><p>Qualora una delle clausole delle presenti condizioni generali d&#039;uso si rivelasse invalida, inadeguata o inapplicabile, ci\u00f2 non influenzer\u00e0 la validit\u00e0 o l&#039;applicabilit\u00e0 delle altre clausole. La clausola in questione verrebbe quindi sostituita da un&#039;altra che, pur essendo valida ed applicabile, rispetterebbe il pi\u00f9 possibile l&#039;intento e l&#039;obiettivo della clausola originaria.<\/p><p>Fa fede esclusivamente la versione francese delle condizioni generali d&#039;uso.<\/p>\t\t\t\t\t\t\t\t<\/div>\n\t\t\t\t<\/div>\n\t\t\t\t\t<\/div>\n\t\t<\/div>\n\t\t\t\t\t<\/div>\n\t\t<\/section>\n\t\t\t\t<\/div>","protected":false},"excerpt":{"rendered":"<p>Conditions g\u00e9n\u00e9rales d&rsquo;utilisation Derni\u00e8re mise \u00e0 jour le 12.12.2023 Informations juridiques importantes Les pr\u00e9sentes conditions g\u00e9n\u00e9rales vous renseignent sur les informations et les liens juridiques li\u00e9s \u00e0 l\u2019utilisation du site Web \u00ab www.bunker-swiss.ch\u00a0\u00bb (nomm\u00e9e ci-apr\u00e8s \u00ab Bunker Swiss \u00bb) et ses utilisateurs. En acc\u00e9dant au site Web de Bunker Swiss, vous d\u00e9clarez avoir lu et [&hellip;]<\/p>\n","protected":false},"author":2,"featured_media":29250,"parent":0,"menu_order":0,"comment_status":"closed","ping_status":"closed","template":"elementor_header_footer","meta":{"footnotes":""},"class_list":["post-28999","page","type-page","status-publish","has-post-thumbnail","hentry"],"yoast_head":"<!-- This site is optimized with the Yoast SEO plugin v27.3 - https:\/\/yoast.com\/product\/yoast-seo-wordpress\/ -->\n<title>Conditions g\u00e9n\u00e9rales d&#039;utilisation des sites de Bunker Swiss (CGU)<\/title>\n<meta name=\"description\" content=\"Nos conditions g\u00e9n\u00e9rales d&#039;utilisation des sites Web de la soci\u00e9t\u00e9 Bunker Swiss. Contactez-nous pour toutes questions relatives \u00e0 nos CGU.\" \/>\n<meta name=\"robots\" content=\"index, follow, max-snippet:-1, max-image-preview:large, max-video-preview:-1\" \/>\n<link rel=\"canonical\" href=\"https:\/\/www.bunker-swiss.ch\/it\/condizioni-generali-di-utilizzo\/\" \/>\n<meta property=\"og:locale\" content=\"it_IT\" \/>\n<meta property=\"og:type\" content=\"article\" \/>\n<meta property=\"og:title\" content=\"Conditions g\u00e9n\u00e9rales d&#039;utilisation des sites de Bunker Swiss (CGU)\" \/>\n<meta property=\"og:description\" content=\"Nos conditions g\u00e9n\u00e9rales d&#039;utilisation des sites Web de la soci\u00e9t\u00e9 Bunker Swiss. Contactez-nous pour toutes questions relatives \u00e0 nos CGU.\" \/>\n<meta property=\"og:url\" content=\"https:\/\/www.bunker-swiss.ch\/it\/condizioni-generali-di-utilizzo\/\" \/>\n<meta property=\"og:site_name\" content=\"Bunker Swiss S\u00e0rl\" \/>\n<meta property=\"article:modified_time\" content=\"2024-11-21T08:36:04+00:00\" \/>\n<meta property=\"og:image\" content=\"https:\/\/www.bunker-swiss.ch\/wp-content\/uploads\/2024\/07\/CGU_IMA.webp\" \/>\n\t<meta property=\"og:image:width\" content=\"1200\" \/>\n\t<meta property=\"og:image:height\" content=\"630\" \/>\n\t<meta property=\"og:image:type\" content=\"image\/webp\" \/>\n<meta name=\"twitter:card\" content=\"summary_large_image\" \/>\n<meta name=\"twitter:label1\" content=\"Tempo di lettura stimato\" \/>\n\t<meta name=\"twitter:data1\" content=\"8 minuti\" \/>\n<script type=\"application\/ld+json\" class=\"yoast-schema-graph\">{\"@context\":\"https:\\\/\\\/schema.org\",\"@graph\":[{\"@type\":\"WebPage\",\"@id\":\"https:\\\/\\\/www.bunker-swiss.ch\\\/it\\\/condizioni-generali-di-utilizzo\\\/\",\"url\":\"https:\\\/\\\/www.bunker-swiss.ch\\\/it\\\/condizioni-generali-di-utilizzo\\\/\",\"name\":\"Conditions g\u00e9n\u00e9rales d'utilisation des sites de Bunker Swiss (CGU)\",\"isPartOf\":{\"@id\":\"https:\\\/\\\/www.bunker-swiss.ch\\\/#website\"},\"primaryImageOfPage\":{\"@id\":\"https:\\\/\\\/www.bunker-swiss.ch\\\/it\\\/condizioni-generali-di-utilizzo\\\/#primaryimage\"},\"image\":{\"@id\":\"https:\\\/\\\/www.bunker-swiss.ch\\\/it\\\/condizioni-generali-di-utilizzo\\\/#primaryimage\"},\"thumbnailUrl\":\"https:\\\/\\\/www.bunker-swiss.ch\\\/wp-content\\\/uploads\\\/2024\\\/07\\\/CGU_IMA.webp\",\"datePublished\":\"2024-07-16T16:44:54+00:00\",\"dateModified\":\"2024-11-21T08:36:04+00:00\",\"description\":\"Nos conditions g\u00e9n\u00e9rales d'utilisation des sites Web de la soci\u00e9t\u00e9 Bunker Swiss. Contactez-nous pour toutes questions relatives \u00e0 nos CGU.\",\"breadcrumb\":{\"@id\":\"https:\\\/\\\/www.bunker-swiss.ch\\\/it\\\/condizioni-generali-di-utilizzo\\\/#breadcrumb\"},\"inLanguage\":\"it-IT\",\"potentialAction\":[{\"@type\":\"ReadAction\",\"target\":[\"https:\\\/\\\/www.bunker-swiss.ch\\\/it\\\/condizioni-generali-di-utilizzo\\\/\"]}]},{\"@type\":\"ImageObject\",\"inLanguage\":\"it-IT\",\"@id\":\"https:\\\/\\\/www.bunker-swiss.ch\\\/it\\\/condizioni-generali-di-utilizzo\\\/#primaryimage\",\"url\":\"https:\\\/\\\/www.bunker-swiss.ch\\\/wp-content\\\/uploads\\\/2024\\\/07\\\/CGU_IMA.webp\",\"contentUrl\":\"https:\\\/\\\/www.bunker-swiss.ch\\\/wp-content\\\/uploads\\\/2024\\\/07\\\/CGU_IMA.webp\",\"width\":1200,\"height\":630,\"caption\":\"bunker\"},{\"@type\":\"BreadcrumbList\",\"@id\":\"https:\\\/\\\/www.bunker-swiss.ch\\\/it\\\/condizioni-generali-di-utilizzo\\\/#breadcrumb\",\"itemListElement\":[{\"@type\":\"ListItem\",\"position\":1,\"name\":\"Accueil\",\"item\":\"https:\\\/\\\/www.bunker-swiss.ch\\\/\"},{\"@type\":\"ListItem\",\"position\":2,\"name\":\"Conditions g\u00e9n\u00e9rales d&rsquo;utilisation\"}]},{\"@type\":\"WebSite\",\"@id\":\"https:\\\/\\\/www.bunker-swiss.ch\\\/#website\",\"url\":\"https:\\\/\\\/www.bunker-swiss.ch\\\/\",\"name\":\"Bunker Swiss S\u00e0rl\",\"description\":\"Bunker\",\"publisher\":{\"@id\":\"https:\\\/\\\/www.bunker-swiss.ch\\\/#organization\"},\"alternateName\":\"Bunker Swiss\",\"potentialAction\":[{\"@type\":\"SearchAction\",\"target\":{\"@type\":\"EntryPoint\",\"urlTemplate\":\"https:\\\/\\\/www.bunker-swiss.ch\\\/?s={search_term_string}\"},\"query-input\":{\"@type\":\"PropertyValueSpecification\",\"valueRequired\":true,\"valueName\":\"search_term_string\"}}],\"inLanguage\":\"it-IT\"},{\"@type\":\"Organization\",\"@id\":\"https:\\\/\\\/www.bunker-swiss.ch\\\/#organization\",\"name\":\"Bunker Swiss S\u00e0rl\",\"alternateName\":\"Bunker Swiss\",\"url\":\"https:\\\/\\\/www.bunker-swiss.ch\\\/\",\"logo\":{\"@type\":\"ImageObject\",\"inLanguage\":\"it-IT\",\"@id\":\"https:\\\/\\\/www.bunker-swiss.ch\\\/#\\\/schema\\\/logo\\\/image\\\/\",\"url\":\"https:\\\/\\\/www.bunker-swiss.ch\\\/wp-content\\\/uploads\\\/2024\\\/07\\\/Bunker-1.webp\",\"contentUrl\":\"https:\\\/\\\/www.bunker-swiss.ch\\\/wp-content\\\/uploads\\\/2024\\\/07\\\/Bunker-1.webp\",\"width\":350,\"height\":91,\"caption\":\"Bunker Swiss S\u00e0rl\"},\"image\":{\"@id\":\"https:\\\/\\\/www.bunker-swiss.ch\\\/#\\\/schema\\\/logo\\\/image\\\/\"}}]}<\/script>\n<!-- \/ Yoast SEO plugin. -->","yoast_head_json":{"title":"Condizioni generali di utilizzo dei siti Bunker Swiss (CGU)","description":"Le nostre condizioni generali di utilizzo dei siti web aziendali Bunker Swiss. Contattaci per qualsiasi domanda relativa ai nostri Termini e Condizioni.","robots":{"index":"index","follow":"follow","max-snippet":"max-snippet:-1","max-image-preview":"max-image-preview:large","max-video-preview":"max-video-preview:-1"},"canonical":"https:\/\/www.bunker-swiss.ch\/it\/condizioni-generali-di-utilizzo\/","og_locale":"it_IT","og_type":"article","og_title":"Conditions g\u00e9n\u00e9rales d'utilisation des sites de Bunker Swiss (CGU)","og_description":"Nos conditions g\u00e9n\u00e9rales d'utilisation des sites Web de la soci\u00e9t\u00e9 Bunker Swiss. Contactez-nous pour toutes questions relatives \u00e0 nos CGU.","og_url":"https:\/\/www.bunker-swiss.ch\/it\/condizioni-generali-di-utilizzo\/","og_site_name":"Bunker Swiss S\u00e0rl","article_modified_time":"2024-11-21T08:36:04+00:00","og_image":[{"width":1200,"height":630,"url":"https:\/\/www.bunker-swiss.ch\/wp-content\/uploads\/2024\/07\/CGU_IMA.webp","type":"image\/webp"}],"twitter_card":"summary_large_image","twitter_misc":{"Tempo di lettura stimato":"8 minuti"},"schema":{"@context":"https:\/\/schema.org","@graph":[{"@type":"WebPage","@id":"https:\/\/www.bunker-swiss.ch\/it\/condizioni-generali-di-utilizzo\/","url":"https:\/\/www.bunker-swiss.ch\/it\/condizioni-generali-di-utilizzo\/","name":"Condizioni generali di utilizzo dei siti Bunker Swiss (CGU)","isPartOf":{"@id":"https:\/\/www.bunker-swiss.ch\/#website"},"primaryImageOfPage":{"@id":"https:\/\/www.bunker-swiss.ch\/it\/condizioni-generali-di-utilizzo\/#primaryimage"},"image":{"@id":"https:\/\/www.bunker-swiss.ch\/it\/condizioni-generali-di-utilizzo\/#primaryimage"},"thumbnailUrl":"https:\/\/www.bunker-swiss.ch\/wp-content\/uploads\/2024\/07\/CGU_IMA.webp","datePublished":"2024-07-16T16:44:54+00:00","dateModified":"2024-11-21T08:36:04+00:00","description":"Le nostre condizioni generali di utilizzo dei siti web aziendali Bunker Swiss. Contattaci per qualsiasi domanda relativa ai nostri Termini e Condizioni.","breadcrumb":{"@id":"https:\/\/www.bunker-swiss.ch\/it\/condizioni-generali-di-utilizzo\/#breadcrumb"},"inLanguage":"it-IT","potentialAction":[{"@type":"ReadAction","target":["https:\/\/www.bunker-swiss.ch\/it\/condizioni-generali-di-utilizzo\/"]}]},{"@type":"ImageObject","inLanguage":"it-IT","@id":"https:\/\/www.bunker-swiss.ch\/it\/condizioni-generali-di-utilizzo\/#primaryimage","url":"https:\/\/www.bunker-swiss.ch\/wp-content\/uploads\/2024\/07\/CGU_IMA.webp","contentUrl":"https:\/\/www.bunker-swiss.ch\/wp-content\/uploads\/2024\/07\/CGU_IMA.webp","width":1200,"height":630,"caption":"bunker"},{"@type":"BreadcrumbList","@id":"https:\/\/www.bunker-swiss.ch\/it\/condizioni-generali-di-utilizzo\/#breadcrumb","itemListElement":[{"@type":"ListItem","position":1,"name":"Accueil","item":"https:\/\/www.bunker-swiss.ch\/"},{"@type":"ListItem","position":2,"name":"Conditions g\u00e9n\u00e9rales d&rsquo;utilisation"}]},{"@type":"WebSite","@id":"https:\/\/www.bunker-swiss.ch\/#website","url":"https:\/\/www.bunker-swiss.ch\/","name":"Bunker Swiss Sarl","description":"Bunker","publisher":{"@id":"https:\/\/www.bunker-swiss.ch\/#organization"},"alternateName":"Bunker Swiss","potentialAction":[{"@type":"SearchAction","target":{"@type":"EntryPoint","urlTemplate":"https:\/\/www.bunker-swiss.ch\/?s={search_term_string}"},"query-input":{"@type":"PropertyValueSpecification","valueRequired":true,"valueName":"search_term_string"}}],"inLanguage":"it-IT"},{"@type":"Organization","@id":"https:\/\/www.bunker-swiss.ch\/#organization","name":"Bunker Swiss Sarl","alternateName":"Bunker Swiss","url":"https:\/\/www.bunker-swiss.ch\/","logo":{"@type":"ImageObject","inLanguage":"it-IT","@id":"https:\/\/www.bunker-swiss.ch\/#\/schema\/logo\/image\/","url":"https:\/\/www.bunker-swiss.ch\/wp-content\/uploads\/2024\/07\/Bunker-1.webp","contentUrl":"https:\/\/www.bunker-swiss.ch\/wp-content\/uploads\/2024\/07\/Bunker-1.webp","width":350,"height":91,"caption":"Bunker Swiss S\u00e0rl"},"image":{"@id":"https:\/\/www.bunker-swiss.ch\/#\/schema\/logo\/image\/"}}]}},"_links":{"self":[{"href":"https:\/\/www.bunker-swiss.ch\/it\/wp-json\/wp\/v2\/pages\/28999","targetHints":{"allow":["GET"]}}],"collection":[{"href":"https:\/\/www.bunker-swiss.ch\/it\/wp-json\/wp\/v2\/pages"}],"about":[{"href":"https:\/\/www.bunker-swiss.ch\/it\/wp-json\/wp\/v2\/types\/page"}],"author":[{"embeddable":true,"href":"https:\/\/www.bunker-swiss.ch\/it\/wp-json\/wp\/v2\/users\/2"}],"replies":[{"embeddable":true,"href":"https:\/\/www.bunker-swiss.ch\/it\/wp-json\/wp\/v2\/comments?post=28999"}],"version-history":[{"count":3,"href":"https:\/\/www.bunker-swiss.ch\/it\/wp-json\/wp\/v2\/pages\/28999\/revisions"}],"predecessor-version":[{"id":32768,"href":"https:\/\/www.bunker-swiss.ch\/it\/wp-json\/wp\/v2\/pages\/28999\/revisions\/32768"}],"wp:featuredmedia":[{"embeddable":true,"href":"https:\/\/www.bunker-swiss.ch\/it\/wp-json\/wp\/v2\/media\/29250"}],"wp:attachment":[{"href":"https:\/\/www.bunker-swiss.ch\/it\/wp-json\/wp\/v2\/media?parent=28999"}],"curies":[{"name":"wp","href":"https:\/\/api.w.org\/{rel}","templated":true}]}}